{"id":24888,"date":"2020-08-14T15:19:51","date_gmt":"2020-08-14T19:19:51","guid":{"rendered":"https:\/\/www.condourbania.com\/actualites-urbania-immobilier\/archives\/"},"modified":"2020-12-07T16:02:36","modified_gmt":"2020-12-07T21:02:36","slug":"archives","status":"publish","type":"page","link":"https:\/\/www.condourbania.com\/en\/press-urbania-immobilier\/archives\/","title":{"rendered":"Press ARCHIVES"},"content":{"rendered":"<p>[et_pb_section fb_built=&#8221;1&#8243; _builder_version=&#8221;4.5.6&#8243; _module_preset=&#8221;default&#8221; custom_padding=&#8221;||0px||false|false&#8221; da_disable_devices=&#8221;off|off|off&#8221; da_is_popup=&#8221;off&#8221; da_exit_intent=&#8221;off&#8221; da_has_close=&#8221;on&#8221; da_alt_close=&#8221;off&#8221; da_dark_close=&#8221;off&#8221; da_not_modal=&#8221;on&#8221; da_is_singular=&#8221;off&#8221; da_with_loader=&#8221;off&#8221; da_has_shadow=&#8221;on&#8221;][et_pb_row column_structure=&#8221;1_2,1_2&#8243; use_custom_gutter=&#8221;on&#8221; gutter_width=&#8221;1&#8243; make_equal=&#8221;on&#8221; _builder_version=&#8221;4.5.6&#8243; _module_preset=&#8221;default&#8221; width=&#8221;100%&#8221; max_width=&#8221;100%&#8221; custom_padding=&#8221;||0px||false|false&#8221;][et_pb_column type=&#8221;1_2&#8243; _builder_version=&#8221;4.5.6&#8243; _module_preset=&#8221;default&#8221; background_image=&#8221;https:\/\/www.condourbania.com\/wp-content\/uploads\/2020\/08\/urbania-contact.jpg&#8221; background_position=&#8221;top_left&#8221;][\/et_pb_column][et_pb_column type=&#8221;1_2&#8243; _builder_version=&#8221;4.5.6&#8243; _module_preset=&#8221;default&#8221; custom_padding=&#8221;||30px||false|false&#8221;][et_pb_text _builder_version=&#8221;4.7.4&#8243; _module_preset=&#8221;default&#8221; max_width=&#8221;700px&#8221; module_alignment=&#8221;left&#8221; custom_padding=&#8221;100px|5%||5%|false|true&#8221; hover_enabled=&#8221;0&#8243; sticky_enabled=&#8221;0&#8243;]<\/p>\n<h1>News &#8211; Archives<\/h1>\n<p><strong>Boom de construction \u00e0 Laval, Urbania 2 <\/strong><br \/>Francis Labb\u00e9, Radio-Canada, 20 juillet 2016 (vid\u00e9o, 17min 11sec)<br \/><a class=\"external\" href=\"http:\/\/ici.radio-canada.ca\/tele\/le-telejournal-18h\/2014-2015\/episodes\/363959\/nouvelles-information-mercredi\" target=\"_blank\" rel=\"noopener noreferrer\">Read more \u00bb<\/a><\/p>\n<p><strong>La construction en pleine explosion \u00e0 Laval<\/strong><br \/>Ici Radio-Canada, 6 juillet 2016<br \/><a class=\"external\" href=\"http:\/\/ici.radio-canada.ca\/regions\/montreal\/2016\/07\/06\/005-construction-explose-a-laval.shtml\" target=\"_blank\" rel=\"noopener noreferrer\">Read more \u00bb<\/a><\/p>\n<p><strong>Urbania 2 se d\u00e9marque !<\/strong><br \/>La Presse, 8 mars 2016<br \/><a class=\"external\" href=\"http:\/\/affaires.lapresse.ca\/economie\/immobilier\/201603\/08\/01-4958342-condos-neufs-explosion-des-ventes-au-centre-ville-montrealais.php\" target=\"_blank\" rel=\"noopener noreferrer\">Read more \u00bb<\/a><\/p>\n<p><strong>Superprojet de 420 millions \u00e0 Laval<\/strong><br \/>La Presse, 30 novembre 2015<br \/><a class=\"external\" href=\"http:\/\/affaires.lapresse.ca\/economie\/immobilier\/201511\/29\/01-4926101-superprojet-de-420-millions-a-laval.php\" target=\"_blank\" rel=\"noopener noreferrer\">Read more \u00bb<\/a><\/p>\n<p><strong>URBANIA 2 : d\u00e9but des travaux d&#8217;une premi\u00e8re tour de 223 copropri\u00e9t\u00e9s \u00e0 deux pas du m\u00e9tro Montmorency \u00e0 Laval<\/strong><br \/>newswire.ca, le 25 novembre 2015<br \/><a class=\"external\" href=\"http:\/\/www.newswire.ca\/fr\/news-releases\/urbania-2--debut-des-travaux-dune-premiere-tour-de-223-coproprietes-a-deux-pas-du-metro-montmorency-a-laval-553837451.html\" target=\"_blank\" rel=\"noopener noreferrer\">Read more \u00bb<\/a><\/p>\n<p><strong>Un \u00abHabitat 67\u00bb sur les st\u00e9ro\u00efdes<\/strong><br \/>M\u00e9tro, le 24 septembre 2015<br \/><a class=\"external\" href=\"http:\/\/journalmetro.com\/opinions\/paysages-fabriques\/846107\/un-habitat-67-sur-les-steroides\/\" target=\"_blank\" rel=\"noopener noreferrer\">Read more \u00bb<\/a><\/p>\n<p><strong>Un milliard de dollars d&#8217;investissements pour un centre-ville \u00e0 Laval<\/strong><br \/>Radio-Canada, le 17 avril 2015<br \/><a class=\"external\" href=\"http:\/\/ici.radio-canada.ca\/regions\/Montreal\/2015\/04\/17\/008-centre-ville-projets-un-milliard-laval.shtml\" target=\"_blank\" rel=\"noopener noreferrer\">Read more \u00bb<\/a><\/p>\n<p><strong>Au c\u0153ur du centre-ville de Laval<\/strong><br \/>La Presse +, le 13 d\u00e9cembre 2014<br \/><a class=\"external\" href=\"http:\/\/plus.lapresse.ca\/screens\/c580e30e-9260-401f-a7cb-1de48d4a5251|_0.html\" target=\"_blank\" rel=\"noopener noreferrer\">Read more \u00bb<\/a><\/p>\n<p><strong>Laval: la mission du maire Demers<\/strong><br \/>La Presse, le 11 d\u00e9cembre 2014<br \/><a class=\"external\" href=\"http:\/\/affaires.lapresse.ca\/portfolio\/laval\/201412\/11\/01-4827211-laval-la-mission-du-maire-demers.php\" target=\"_blank\" rel=\"noopener noreferrer\">Read more \u00bb<\/a><\/p>\n<p><strong>URBANIA 2 : nouveau projet r\u00e9sidentiel VERT \u00e0 deux pas du m\u00e9tro Montmorency \u00e0 Laval<\/strong><br \/>Le pied carr\u00e9, le 5 d\u00e9cembre 2014<br \/><a class=\"external\" href=\"http:\/\/www.pi2.ca\/Contenus\/Article\/2014\/Decembre\/dec-2\/URBANIA-2---nouveau-projet-residentiel-VERT-a-deux.aspx\" target=\"_blank\" rel=\"noopener noreferrer\">Read more \u00bb<\/a><\/p>\n<p><strong>Pellet\u00e9e de terre officielle pour la future Place Bell<\/strong><br \/>Ici Radio-Canada, le 24 novembre 2014<br \/><a class=\"external\" href=\"http:\/\/ici.radio-canada.ca\/regions\/montreal\/2014\/11\/24\/006-ceremonie-officielle-place-bell.shtml\" target=\"_blank\" rel=\"noopener noreferrer\">Read more \u00bb<\/a><\/p>\n<p><strong>Vid\u00e9o du brunch du lancement officiel d&#8217;Urbania 2<\/strong><br \/>Urbania 2, le 23 novembre 2014<br \/><a class=\"preview cboxElement\" href=\"https:\/\/player.vimeo.com\/video\/113023104\">Voir la vid\u00e9o \u00bb<\/a><\/p>\n<p><strong>Questions d&#8217;argent-immobilier<\/strong><br \/>Argent, le 21 novembre 2014<br \/><a class=\"external\" href=\"http:\/\/argent.canoe.ca\/videos\/video-questions-dargent-immobilier-21-novembre-2014\" target=\"_blank\" rel=\"noopener noreferrer\">Read more \u00bb<\/a><\/p>\n<p><strong>URBANIA 2 : nouveau projet r\u00e9sidentiel VERT<\/strong><br \/>Quotidien \u00e9conomique, le 18 novembre 2014<br \/><a class=\"external\" href=\"http:\/\/www.quotidieneconomique.com\/actualite\/quotidiens\/1210-0-urbania-2-nouveau-projet-residentiel-vert-a-deux-pas-du-metro-montmorency-a-laval.html\" target=\"_blank\" rel=\"noopener noreferrer\">Read more \u00bb<\/a><\/p>\n<p><strong>URBANIA 2 : nouveau projet r\u00e9sidentiel VERT<\/strong><br \/>Communiqu\u00e9 de presse, le 18 novembre 2014<br \/><a class=\"external\" href=\"https:\/\/www.condourbania.com\/medias\/201411180-communique-urbania2.pdf\" target=\"_blank\" rel=\"noopener noreferrer\">Read more \u00bb<\/a><\/p>\n<p><strong>Lancement du projet Urbania 2<\/strong><br \/>L&#8217;\u00c9cho de Laval, le 18 novembre 2014<br \/><a class=\"external\" href=\"http:\/\/www.lechodelaval.ca\/actualites\/affaires\/186661\/lancem\" target=\"_blank\" rel=\"noopener noreferrer\">Read more \u00bb<\/a><\/p>\n<p><strong>Superprojet de \u00ab nouveau \u00bb centre-ville<\/strong><br \/>La Presse +, le 17 novembre 2014<br \/><a class=\"external\" href=\"http:\/\/plus.lapresse.ca\/screens\/c6f10bed-b221-446c-8482-2712f17c9539|_0.html\" target=\"_blank\" rel=\"noopener noreferrer\">Read more \u00bb<\/a><\/p>\n<p>[\/et_pb_text][et_pb_button button_url=&#8221;\/actualites-urbania-immobilier\/&#8221; button_text=&#8221;Back to recent news&#8221; _builder_version=&#8221;4.6.3&#8243; _module_preset=&#8221;default&#8221; custom_margin=&#8221;30px|5%|30px|5%|true|true&#8221; custom_padding=&#8221;||||false|false&#8221;][\/et_pb_button][\/et_pb_column][\/et_pb_row][\/et_pb_section]<\/p>\n","protected":false},"excerpt":{"rendered":"<p>News &#8211; Archives Boom de construction \u00e0 Laval, Urbania 2 Francis Labb\u00e9, Radio-Canada, 20 juillet 2016 (vid\u00e9o, 17min 11sec)Read more \u00bb La construction en pleine explosion \u00e0 LavalIci Radio-Canada, 6 juillet 2016Read more \u00bb Urbania 2 se d\u00e9marque !La Presse, 8 mars 2016Read more \u00bb Superprojet de 420 millions \u00e0 LavalLa Presse, 30 novembre 2015Read [&hellip;]<\/p>\n","protected":false},"author":7,"featured_media":0,"parent":24886,"menu_order":0,"comment_status":"closed","ping_status":"closed","template":"","meta":{"_et_pb_use_builder":"on","_et_pb_old_content":"","_et_gb_content_width":"","inline_featured_image":false,"footnotes":""},"class_list":["post-24888","page","type-page","status-publish","hentry"],"_links":{"self":[{"href":"https:\/\/www.condourbania.com\/en\/wp-json\/wp\/v2\/pages\/24888","targetHints":{"allow":["GET"]}}],"collection":[{"href":"https:\/\/www.condourbania.com\/en\/wp-json\/wp\/v2\/pages"}],"about":[{"href":"https:\/\/www.condourbania.com\/en\/wp-json\/wp\/v2\/types\/page"}],"author":[{"embeddable":true,"href":"https:\/\/www.condourbania.com\/en\/wp-json\/wp\/v2\/users\/7"}],"replies":[{"embeddable":true,"href":"https:\/\/www.condourbania.com\/en\/wp-json\/wp\/v2\/comments?post=24888"}],"version-history":[{"count":0,"href":"https:\/\/www.condourbania.com\/en\/wp-json\/wp\/v2\/pages\/24888\/revisions"}],"up":[{"embeddable":true,"href":"https:\/\/www.condourbania.com\/en\/wp-json\/wp\/v2\/pages\/24886"}],"wp:attachment":[{"href":"https:\/\/www.condourbania.com\/en\/wp-json\/wp\/v2\/media?parent=24888"}],"curies":[{"name":"wp","href":"https:\/\/api.w.org\/{rel}","templated":true}]}}